{"id":407,"date":"2012-04-06T18:13:05","date_gmt":"2012-04-06T16:13:05","guid":{"rendered":"http:\/\/www.bernik.ch\/wordpress\/?page_id=407"},"modified":"2013-04-27T22:38:05","modified_gmt":"2013-04-27T20:38:05","slug":"bewegung","status":"publish","type":"page","link":"https:\/\/bernik.ch\/wordpress\/textgedichte\/bewegung\/","title":{"rendered":"Bewegung \u222b"},"content":{"rendered":"<p>beim T\u00fcrklingeln<\/p>\n<p style=\"padding-left: 30px;\">wenn es nicht regnete ich nicht m\u00fcde w\u00e4re<\/p>\n<p>sirenenstimme<\/p>\n<p style=\"padding-left: 30px;\">einmal geh\u00f6rt nicht vergessen<\/p>\n<p>zur inneren bedingung gewachsen<\/p>\n<p style=\"padding-left: 30px;\">doch ich wollte was ich ausl\u00f6ste<\/p>\n<p>im spiegelgesicht brockenhaus der seelenm\u00f6bel<\/p>\n<p style=\"padding-left: 30px;\">gelegenheitsk\u00e4ufe da rote preise aufgeklebt<\/p>\n<p>auf st\u00fchlen an w\u00e4nden unter t\u00fcrb\u00f6gen im garten<\/p>\n<p style=\"padding-left: 30px;\">wirklichkeitsfremde besinnung<\/p>\n","protected":false},"excerpt":{"rendered":"excerpt","protected":false},"author":5,"featured_media":0,"parent":2,"menu_order":0,"comment_status":"open","ping_status":"closed","template":"","meta":{"episode_type":"","audio_file":"","podmotor_file_id":"","podmotor_episode_id":"","cover_image":"","cover_image_id":"","duration":"","filesize":"","filesize_raw":"","date_recorded":"","explicit":"","block":"","footnotes":""},"class_list":["post-407","page","type-page","status-publish","hentry"],"_links":{"self":[{"href":"https:\/\/bernik.ch\/wordpress\/wp-json\/wp\/v2\/pages\/407","targetHints":{"allow":["GET"]}}],"collection":[{"href":"https:\/\/bernik.ch\/wordpress\/wp-json\/wp\/v2\/pages"}],"about":[{"href":"https:\/\/bernik.ch\/wordpress\/wp-json\/wp\/v2\/types\/page"}],"author":[{"embeddable":true,"href":"https:\/\/bernik.ch\/wordpress\/wp-json\/wp\/v2\/users\/5"}],"replies":[{"embeddable":true,"href":"https:\/\/bernik.ch\/wordpress\/wp-json\/wp\/v2\/comments?post=407"}],"version-history":[{"count":0,"href":"https:\/\/bernik.ch\/wordpress\/wp-json\/wp\/v2\/pages\/407\/revisions"}],"up":[{"embeddable":true,"href":"https:\/\/bernik.ch\/wordpress\/wp-json\/wp\/v2\/pages\/2"}],"wp:attachment":[{"href":"https:\/\/bernik.ch\/wordpress\/wp-json\/wp\/v2\/media?parent=407"}],"curies":[{"name":"wp","href":"https:\/\/api.w.org\/{rel}","templated":true}]}}