{"id":2990,"date":"2016-01-01T17:22:19","date_gmt":"2016-01-01T16:22:19","guid":{"rendered":"http:\/\/www.bernik.ch\/wordpress\/?page_id=2990"},"modified":"2016-01-01T17:23:01","modified_gmt":"2016-01-01T16:23:01","slug":"textgeflecht-und-verwebungen","status":"publish","type":"page","link":"https:\/\/bernik.ch\/wordpress\/textgedichte\/textgeflecht-und-verwebungen\/","title":{"rendered":"Textgeflecht und Verwebungen"},"content":{"rendered":"<p>In die Zukunft, jetzt zeigt die Zeit wohin<br \/>\nauf die Lebensorte, hier nach dort<br \/>\nmach dann vieles, entwickle fortan<br \/>\nverschlingt sie, spuckt dich wieder aus<br \/>\nund unvermittelt, bist du weg<br \/>\nvon Augenblick zu Augenblick<\/p>\n<p>erkundest unbekanntes, bekanntes dir<br \/>\nfortw\u00e4hrend und weiterhin, immerzu<br \/>\nbedacht unbedacht, f\u00fchrend gef\u00fchrt<br \/>\nmachen die Weglinien, sie sich kenntlich<br \/>\nzeigen dir, sich dir<br \/>\ndiese Seitenpfade mit ihren Staubk\u00f6rnern<\/p>\n<p>Du bist bewegend, bewegt sp\u00fcrbar<br \/>\ngl\u00fccklich erf\u00fcllt,\u00a0unsicher versichernd<br \/>\nwahrend verwahrt, geniessend genommen<br \/>\nwebend und eingewoben<br \/>\nin dir, stehst, siehst nach vorn, zur\u00fcck<br \/>\ngehst weiter<\/p>\n<p><em>Das Textgedicht<\/em><\/p>\n<p>Weg wollte er, in die Zukunft, wo die Zeit Zeichen setzt. In Richtung der Lebensorte, die einen den Weg weisen. Das brauchte Vorbereitungen: Man nimmt die Koffer, denkt sich das N\u00f6tige aus und nimmts mit: ein Buch f\u00fcr eine Insel, Zahnb\u00fcrste, noch ein Buch, nein, das andere, gute Schuhe und vieles mehr.<\/p>\n<p>Den schalen Geschmack des aufgewirbelten Staubes spuckst du aus. Die hiesige Zeit spuckt dich aus und pl\u00f6tzlich erkennst du dich mit deinem Rollkoffer auf dem Perron und ziehst weg. Der Augenblick der vorbeiziehenden B\u00e4ume, B\u00fcsche und Bahngleise erinnerst dich an das Vorherige. Diese nun sei eine andere Erkundung, jene die Bilder.<\/p>\n<p>Das Unbekannte nimmt dich in seinen Bann, Bekanntes hat dich fest im Griff. Nicht unangenehm doch, gef\u00fchrt und f\u00fchrend bewegst du dich.<\/p>\n<p>Diese Weglinien, unbewusste Atome in seinem Ged\u00e4chtnis, zeigten sich ihm w\u00e4hrend dem Rausschauen.<\/p>\n<p>Dann bald ein Stopp, n\u00e4chste Station. Der Rollkoffer knattert \u00fcber die Wegsteine und du sp\u00fcrst die Bewegung, das Gl\u00fcck sich zu bewegen. Schon alleine dies er\u00f6ffnet dir die verwahrte Ahnung, den Genuss der \u00c4nderung und weiter. Rechts und links schallts, redets, ziehts vorbei, schwankts, trappelts und liebts.<\/p>\n<p>Geradeaus ist der r\u00fcckw\u00e4rtige Weg &#8211; vorw\u00e4rts. Sie gehen weiter.<\/p>\n","protected":false},"excerpt":{"rendered":"excerpt","protected":false},"author":5,"featured_media":0,"parent":2,"menu_order":0,"comment_status":"open","ping_status":"closed","template":"","meta":{"episode_type":"","audio_file":"","podmotor_file_id":"","podmotor_episode_id":"","cover_image":"","cover_image_id":"","duration":"","filesize":"","filesize_raw":"","date_recorded":"","explicit":"","block":"","footnotes":""},"class_list":["post-2990","page","type-page","status-publish","hentry"],"_links":{"self":[{"href":"https:\/\/bernik.ch\/wordpress\/wp-json\/wp\/v2\/pages\/2990","targetHints":{"allow":["GET"]}}],"collection":[{"href":"https:\/\/bernik.ch\/wordpress\/wp-json\/wp\/v2\/pages"}],"about":[{"href":"https:\/\/bernik.ch\/wordpress\/wp-json\/wp\/v2\/types\/page"}],"author":[{"embeddable":true,"href":"https:\/\/bernik.ch\/wordpress\/wp-json\/wp\/v2\/users\/5"}],"replies":[{"embeddable":true,"href":"https:\/\/bernik.ch\/wordpress\/wp-json\/wp\/v2\/comments?post=2990"}],"version-history":[{"count":0,"href":"https:\/\/bernik.ch\/wordpress\/wp-json\/wp\/v2\/pages\/2990\/revisions"}],"up":[{"embeddable":true,"href":"https:\/\/bernik.ch\/wordpress\/wp-json\/wp\/v2\/pages\/2"}],"wp:attachment":[{"href":"https:\/\/bernik.ch\/wordpress\/wp-json\/wp\/v2\/media?parent=2990"}],"curies":[{"name":"wp","href":"https:\/\/api.w.org\/{rel}","templated":true}]}}