{"id":2957,"date":"2015-12-12T17:16:33","date_gmt":"2015-12-12T16:16:33","guid":{"rendered":"http:\/\/www.bernik.ch\/wordpress\/?page_id=2957"},"modified":"2020-12-01T21:50:36","modified_gmt":"2020-12-01T20:50:36","slug":"fuelle-des-lebens","status":"publish","type":"page","link":"https:\/\/bernik.ch\/wordpress\/fuelle-des-lebens\/","title":{"rendered":"F\u00fclle des Lebens"},"content":{"rendered":"<p><strong>Leere_F\u00fclle_Menschen_Orte_Konzerte<\/strong><\/p>\n<p><strong>Komposition f\u00fcr das Vokalensemble Voce d&#8217;Argovia<\/strong><br \/>\n<a href=\"https:\/\/sso.suisa.ch\/wdb\/phx\/process\/Portal\" target=\"_blank\" rel=\"noopener noreferrer\">&#8222;Fuelle des Lebens&#8220;<\/a><\/p>\n<p>[ngg src=&#8220;galleries&#8220; ids=&#8220;14&#8243; exclusions=&#8220;347,348,349,350,351,352,353,354,355,356,357,358,371,383,373,374,375,376,377,378,380,381,382&#8243; display=&#8220;basic_imagebrowser&#8220;]<br \/>\nLeben<br \/>\nganzes in der ganzen Zeiten Welt<br \/>\nEine &#8211;<br \/>\nleben<br \/>\nLeere F\u00fclle Leere<br \/>\nist da &#8211;<\/p>\n<p>In der Zeiten Wirren<br \/>\nsuche ich das Ganze<br \/>\nhab die Eile<br \/>\nsuche, suche<br \/>\nLeere, F\u00fclle<br \/>\nist da &#8211;<\/p>\n<p>In der Zeiten Wirren suche ich das Ganze<br \/>\nhab die Eile<br \/>\nsuche da, suche ich das Ganze<br \/>\nsuche nach dem Leichten<br \/>\nhasche nach der F\u00fclle<br \/>\nreise in der Leere<\/p>\n<p>hasche nach der F\u00fclle<br \/>\nfinde manchmal Volles<br \/>\nin der Zeiten Wirren<br \/>\nsuche ich nach Leere Leichtem<br \/>\nversprochen<br \/>\nalles<\/p>\n<p>suche nach der Leere<br \/>\nLauter lauter<br \/>\nreise nach den Zeiten<br \/>\nreise nach dem Vollen<br \/>\nsuche nach der F\u00fclle<br \/>\nversprochen<\/p>\n<p>die Welt leben in der in der Welt sein<br \/>\nin der Welt sein<br \/>\nnun &#8211; die Zeit vergeht<br \/>\nsofort reisen &#8211; weg<br \/>\nnicht suchen &#8211; in der Welt sein<br \/>\nnun die Zeit vergeht so schnell<br \/>\ndann &#8211; weg ist sie<\/p>\n<p>nicht suchen<br \/>\nlass es zu, dass es dich findet<br \/>\nso wie es ist reise, wohins dich zieht<br \/>\nlass die Zeit gew\u00e4hren<br \/>\nLeere voll vom Sinn des Lebens<br \/>\nWelt sein &#8211; voll von Sinn der Leere<\/p>\n<p>voll von Sinn des Lebenswerkes in dir<br \/>\nF\u00fclle, Tr\u00e4ume, Leben<br \/>\nlass es zu<\/p>\n<p>voll vom Sinn der Leere<br \/>\nIn der Zeiten Wirren<br \/>\nin der Welt der Menschen<br \/>\nin der Zeit leben<\/p>\n<p><strong>Werkbeschreibung<\/strong><\/p>\n<p>Markus Frey hatte mich angefragt, ob ich eine Komposition \u00fcber das diesj\u00e4hrige Thema der&nbsp;<em>Voce d&#8217;Argovia<\/em>&nbsp;schreiben w\u00fcrde: Die F\u00fclle des Lebens. Ich bedanke mich f\u00fcr diese Ehre und hoffe, ein Erlebnis f\u00fcr alle Musiker und Zuh\u00f6renden beigebracht zu haben.<\/p>\n<p>Es muss ein umgekehrter Arbeitsprozess sein, denn ich will keinen bestehenden fremden oder eigenen Text vertonen. Es soll zuerst die Musik fertig sein und dann erst der Text hinzukommen, was ungew\u00f6hnlich scheint, aber die intuitive und improvisatorische Besch\u00e4ftigung mit musikalischer und textlicher Melodie sowie dem Rhythmus verst\u00e4rkt. Die erf\u00fcllte Leere und die ruhige F\u00fclle muss erarbeitet werden und das Risiko, sie nicht im St\u00fcck zu erreichen, ist so pr\u00e4sent wie in der frei improvisierten Musik.<\/p>\n<p>Spielt sich die F\u00fclle ab zwischen gef\u00fchlter Leere, leeren Pausen und vielen bitonalen Kl\u00e4ngen, Polyphonie oder zentriertem Leerraum, Innehalten in der Erinnerung und Tonvielfalt, Stimmenreichtum? Die Besch\u00e4ftigung richtet sich von vornherein nach einer Sinnsuche, die das Leben im Gl\u00fcck betrifft.<\/p>\n<p>Im fliessenden Singen der lang gehaltenen T\u00f6ne, die eine Erinnerung im Zuh\u00f6ren bergen, verharren die Stimmen nicht im Wohlgef\u00e4lligen, im Erwarteten, sondern ziehen in eine \u00fcberraschende Richtung. Sie f\u00fchren hin zu einer Besch\u00e4ftigung mit einer zu f\u00fcllenden Leere, die im Kontrast zu harmonischen Gewohnheiten entsteht, wo etwas zu fehlen scheint und unaufgel\u00f6st ist. Dieses Hingezogenwerden beruhigt und verliert sich im Versprochenen und Wiedergefundenen, das \u00fcberraschend eintritt.<\/p>\n<p>Die vielen T\u00f6ne werden durch lange polyphon aufgebaute abgel\u00f6st. Die Melodie f\u00fcgt sich im Ruhigen zusammen zur Einheit. In der Chromatik spiegelt sich unsere Fehlbarkeit nach H\u00f6herem zu streben und an Tiefe zu verlieren. Sie f\u00fchrt zur dem\u00fctigen Erkenntnis und somit zur Ber\u00fchrung mit der erf\u00fcllten Leere.<\/p>\n<p>In Verbindung zu diesen T\u00f6nen bezieht sich das H\u00e4ndeklatschen auf eine der urspr\u00fcnglich rhythmischen Bewegungen des Menschen. Die rezitative Daf zeigt auf uns eigene und fremde Kulturen. Der Triangel symbolisiert die Funken der Eingebung.<\/p>\n<p>Nach dem Weggeben alles Irdischen und in dieser bewegenden Erkenntnis kehrt alles ein. Nichts ist sinnlos.<\/p>\n","protected":false},"excerpt":{"rendered":"excerpt","protected":false},"author":5,"featured_media":0,"parent":0,"menu_order":0,"comment_status":"open","ping_status":"closed","template":"","meta":{"episode_type":"","audio_file":"","podmotor_file_id":"","podmotor_episode_id":"","cover_image":"","cover_image_id":"","duration":"","filesize":"","filesize_raw":"","date_recorded":"","explicit":"","block":"","footnotes":""},"class_list":["post-2957","page","type-page","status-publish","hentry"],"_links":{"self":[{"href":"https:\/\/bernik.ch\/wordpress\/wp-json\/wp\/v2\/pages\/2957","targetHints":{"allow":["GET"]}}],"collection":[{"href":"https:\/\/bernik.ch\/wordpress\/wp-json\/wp\/v2\/pages"}],"about":[{"href":"https:\/\/bernik.ch\/wordpress\/wp-json\/wp\/v2\/types\/page"}],"author":[{"embeddable":true,"href":"https:\/\/bernik.ch\/wordpress\/wp-json\/wp\/v2\/users\/5"}],"replies":[{"embeddable":true,"href":"https:\/\/bernik.ch\/wordpress\/wp-json\/wp\/v2\/comments?post=2957"}],"version-history":[{"count":0,"href":"https:\/\/bernik.ch\/wordpress\/wp-json\/wp\/v2\/pages\/2957\/revisions"}],"wp:attachment":[{"href":"https:\/\/bernik.ch\/wordpress\/wp-json\/wp\/v2\/media?parent=2957"}],"curies":[{"name":"wp","href":"https:\/\/api.w.org\/{rel}","templated":true}]}}