{"id":2559,"date":"2014-07-27T02:30:05","date_gmt":"2014-07-27T00:30:05","guid":{"rendered":"http:\/\/www.bernik.ch\/wordpress\/?page_id=2559"},"modified":"2021-06-19T19:56:48","modified_gmt":"2021-06-19T17:56:48","slug":"winegrowers-earth-and-being","status":"publish","type":"page","link":"https:\/\/bernik.ch\/wordpress\/textgedichte\/winegrowers-earth-and-being\/","title":{"rendered":"&#8222;winegrower&#8217;s earth&#8220; and &#8222;being&#8220;"},"content":{"rendered":"<p><strong>winegrower&#8217;s earth<\/strong><\/p>\n<p>I wrote new words<br \/>\nin the evening, night<br \/>\nso I go on in my mind<br \/>\nfar of what I can bear<br \/>\nand wear on my soul<br \/>\nfading in this nature<br \/>\naway and again<br \/>\ngiving the red and blue,<br \/>\nviolet and yellow<br \/>\nin tiny clouds<br \/>\nfading and staying<br \/>\non chalk stones<br \/>\nstill there<br \/>\nwe are<br \/>\nenjoying live<br \/>\nfor ever<br \/>\nand again<\/p>\n<p>&nbsp;<\/p>\n<p><strong>being<\/strong><\/p>\n<p>I stand<br \/>\nand see<br \/>\nfar beneath<br \/>\nnear to be<br \/>\nthere going<br \/>\ncoming up<br \/>\nthe sun<br \/>\nthe ceiling<br \/>\nas high as blue<br \/>\nI swear<br \/>\nto you<br \/>\nand all the<br \/>\nliving<br \/>\nto fall in love<br \/>\nlike all the<br \/>\nbeings do<\/p>\n<div>viinamarjakasvataja muld<\/div>\n<div>&nbsp;<\/div>\n<div>Ma kirjutasin uusi s\u00f5nu<\/div>\n<div>\u00f5htul, \u00f6\u00f6sel<\/div>\n<div>nii et ma j\u00e4tkan m\u00f5tetes<\/div>\n<div>kaugele sellest, mida ma suudan taluda<\/div>\n<div>ja kulub mu hingele<\/div>\n<div>h\u00e4\u00e4bub selles looduses<\/div>\n<div>\u00e4ra ja j\u00e4lle<\/div>\n<div>andes punast ja sinist,<\/div>\n<div>lillat ja kollast<\/div>\n<div>tillukestes pilvedes<\/div>\n<div>h\u00e4\u00e4budes ja j\u00e4\u00e4des<\/div>\n<div>kriidikividel<\/div>\n<div>ikka veel seal<\/div>\n<div>me oleme<\/div>\n<div>naudime elu<\/div>\n<div>igavesti<\/div>\n<div>ja j\u00e4lle<\/div>\n<div>&nbsp;<\/div>\n<div>&nbsp;<\/div>\n<div>olles<\/div>\n<div>&nbsp;<\/div>\n<div>Ma seisan<\/div>\n<div>ja n\u00e4en<\/div>\n<div>kaugel all<\/div>\n<div>l\u00e4hedal olla<\/div>\n<div>sinna minema<\/div>\n<div>tulemas<\/div>\n<div>p\u00e4ike<\/div>\n<div>lagi<\/div>\n<div>nii k\u00f5rge kui sinine<\/div>\n<div>Ma vannun.<\/div>\n<div>sulle<\/div>\n<div>ja k\u00f5ik<\/div>\n<div>elavatele<\/div>\n<div>armuda<\/div>\n<div>nagu k\u00f5ik<\/div>\n<div>olendid teevad<\/div>\n","protected":false},"excerpt":{"rendered":"excerpt","protected":false},"author":5,"featured_media":0,"parent":2,"menu_order":0,"comment_status":"open","ping_status":"closed","template":"","meta":{"episode_type":"","audio_file":"","podmotor_file_id":"","podmotor_episode_id":"","cover_image":"","cover_image_id":"","duration":"","filesize":"","filesize_raw":"","date_recorded":"","explicit":"","block":"","footnotes":""},"class_list":["post-2559","page","type-page","status-publish","hentry"],"_links":{"self":[{"href":"https:\/\/bernik.ch\/wordpress\/wp-json\/wp\/v2\/pages\/2559","targetHints":{"allow":["GET"]}}],"collection":[{"href":"https:\/\/bernik.ch\/wordpress\/wp-json\/wp\/v2\/pages"}],"about":[{"href":"https:\/\/bernik.ch\/wordpress\/wp-json\/wp\/v2\/types\/page"}],"author":[{"embeddable":true,"href":"https:\/\/bernik.ch\/wordpress\/wp-json\/wp\/v2\/users\/5"}],"replies":[{"embeddable":true,"href":"https:\/\/bernik.ch\/wordpress\/wp-json\/wp\/v2\/comments?post=2559"}],"version-history":[{"count":0,"href":"https:\/\/bernik.ch\/wordpress\/wp-json\/wp\/v2\/pages\/2559\/revisions"}],"up":[{"embeddable":true,"href":"https:\/\/bernik.ch\/wordpress\/wp-json\/wp\/v2\/pages\/2"}],"wp:attachment":[{"href":"https:\/\/bernik.ch\/wordpress\/wp-json\/wp\/v2\/media?parent=2559"}],"curies":[{"name":"wp","href":"https:\/\/api.w.org\/{rel}","templated":true}]}}