{"id":1460,"date":"2013-10-01T15:59:51","date_gmt":"2013-10-01T13:59:51","guid":{"rendered":"http:\/\/www.bernik.ch\/wordpress\/?page_id=1460"},"modified":"2013-10-16T22:43:59","modified_gmt":"2013-10-16T20:43:59","slug":"auf-das-konzert-18-11-2011","status":"publish","type":"page","link":"https:\/\/bernik.ch\/wordpress\/textgedichte\/auf-das-konzert-18-11-2011\/","title":{"rendered":"Auf das Konzert 18.11.2011"},"content":{"rendered":"<p><a title=\"Viaggiatori\" href=\"http:\/\/www.scartazzini.com\/auffuehrungen2.html\" target=\"_blank\">Auff\u00fchrung<\/a><\/p>\n<p>wer hatte denn<br \/>\ndie tonfarben des orchesters<br \/>\nerh\u00f6rt, geh\u00f6rt und vernommen<br \/>\ndas publikum, viele blieben<br \/>\nmit erstaunen, anregung<br \/>\nwiederholt es, sagten sie oft<br \/>\nendlich, wollten sie<br \/>\ndie umarmung<br \/>\nsangen reisende lautstark<br \/>\nfl\u00fcsterten direkt in die zeit<\/p>\n<p>Lieber Bernhard!<br \/>\nIch bin ganz ber\u00fchrt und ger\u00fchrt \u00fcber diese wunderbare gabe! Ein sehr sch\u00f6nes gedicht. Ich kann es so gut nachempfinden \u2013 gerade auch, was du in den ersten versen beschreibst: die pr\u00e4senz von etwas, das artikuliert werden will. Wie es sich zu regen beginnt, lebendig wird\u2026<\/p>\n<p>Deine widmung ehrt mich sehr!<br \/>\nDanke!<br \/>\nHerzlich, andrea<\/p>\n","protected":false},"excerpt":{"rendered":"excerpt","protected":false},"author":5,"featured_media":0,"parent":2,"menu_order":0,"comment_status":"closed","ping_status":"closed","template":"","meta":{"episode_type":"","audio_file":"","podmotor_file_id":"","podmotor_episode_id":"","cover_image":"","cover_image_id":"","duration":"","filesize":"","filesize_raw":"","date_recorded":"","explicit":"","block":"","footnotes":""},"class_list":["post-1460","page","type-page","status-publish","hentry"],"_links":{"self":[{"href":"https:\/\/bernik.ch\/wordpress\/wp-json\/wp\/v2\/pages\/1460","targetHints":{"allow":["GET"]}}],"collection":[{"href":"https:\/\/bernik.ch\/wordpress\/wp-json\/wp\/v2\/pages"}],"about":[{"href":"https:\/\/bernik.ch\/wordpress\/wp-json\/wp\/v2\/types\/page"}],"author":[{"embeddable":true,"href":"https:\/\/bernik.ch\/wordpress\/wp-json\/wp\/v2\/users\/5"}],"replies":[{"embeddable":true,"href":"https:\/\/bernik.ch\/wordpress\/wp-json\/wp\/v2\/comments?post=1460"}],"version-history":[{"count":0,"href":"https:\/\/bernik.ch\/wordpress\/wp-json\/wp\/v2\/pages\/1460\/revisions"}],"up":[{"embeddable":true,"href":"https:\/\/bernik.ch\/wordpress\/wp-json\/wp\/v2\/pages\/2"}],"wp:attachment":[{"href":"https:\/\/bernik.ch\/wordpress\/wp-json\/wp\/v2\/media?parent=1460"}],"curies":[{"name":"wp","href":"https:\/\/api.w.org\/{rel}","templated":true}]}}