{"id":1393,"date":"2013-08-25T22:11:50","date_gmt":"2013-08-25T20:11:50","guid":{"rendered":"http:\/\/www.bernik.ch\/wordpress\/?page_id=1393"},"modified":"2018-02-10T18:45:05","modified_gmt":"2018-02-10T17:45:05","slug":"strom","status":"publish","type":"page","link":"https:\/\/bernik.ch\/wordpress\/textgedichte\/strom\/","title":{"rendered":"Strom &#8211; Gedanken"},"content":{"rendered":"<p style=\"text-align: justify;\">I<br \/>\nsp\u00fcrst du<br \/>\nendet es damit<br \/>\nhast du<br \/>\nwillentlich<br \/>\ntr\u00e4gt, dr\u00e4ngt dich<br \/>\nist da<br \/>\npl\u00f6tzlich<br \/>\naber nichts<br \/>\nwas bleibt<\/p>\n<p style=\"text-align: justify;\">II<br \/>\nNimmst du das wahr, was damit endet, dass du dies hast, was aus deinem willen entspringt und dich tr\u00e4gt und dich dr\u00e4ngt, dann ist es da unvermittelt, aber eben nichts ist es, was bleibt.<\/p>\n<p style=\"text-align: justify;\">III<br \/>\nWahrgenommen, eingegeben, angenommen, dass das Ende schliesslich, das es erreicht, aus deinem willen entspringt und tragend, dich weiterhievt und weiterbringt, danach da ist unvermittelt, pl\u00f6tzlich, dennoch nicht ist, was bleiben kann und doch spuren hinterl\u00e4sst.<\/p>\n<p style=\"text-align: justify;\">IV<br \/>\nwahr, da, in H\u00e4nden, somit ist endlich schliesslich und willentlich, getragen, weitergeschlittert, fortgeschritten, mit der Zeit abrupt, nun, doch nicht so ist, wie gekonnt es bleibt und sp\u00fcrbar verschwindet und doch bleibt.<\/p>\n<p style=\"text-align: justify;\">V<br \/>\njetzt nun unersch\u00fctterlich pr\u00e4sent in deinen H\u00e4nden so schliesslich am ende und vom Willen her portiert weitergerutscht fortgetragen zeitlich bedingt unwillk\u00fcrlich heftiger Schluss jetzt aber doch nicht auf diese Art und Weise so wie gekonnt bleibend und gesp\u00fcrt versinkend und doch bleibt es<\/p>\n<p style=\"text-align: justify;\">VI<br \/>\nNun, da du es in H\u00e4nden h\u00e4ltst \u2013 unersch\u00fctterlich und fest entschlossen in diesem Augenblick, F\u00e4ngst du an dar\u00fcber nachzudenken. Deine Gedanken aber sind nicht fassbar. Eines kommt, das andere geht, schwindet, entzieht sich deiner n\u00e4heren Betrachtung, als ob der Wille sie gebracht habe, aber sobald wieder zu sich nehme und verschwinden lasse. Und willk\u00fcrlich in diesem Zustand ringt das eine mit dem anderen, obwohl sie beide zusammengeh\u00f6ren, aber doch beides sind.<\/p>\n<p style=\"text-align: justify;\">Heftig schliesst sich da der Gedankenkreis, l\u00f6st sich in Wohlgefallen und Verdr\u00e4ngung. Er wird fortgetragen und macht etwas Platz, das nicht auf diese Art und Weise verarbeitbar ist, gekonnt bearbeitet werden kann. So sinkt er hin und bleibt doch.<\/p>\n","protected":false},"excerpt":{"rendered":"excerpt","protected":false},"author":5,"featured_media":0,"parent":2,"menu_order":0,"comment_status":"open","ping_status":"closed","template":"","meta":{"episode_type":"","audio_file":"","podmotor_file_id":"","podmotor_episode_id":"","cover_image":"","cover_image_id":"","duration":"","filesize":"","filesize_raw":"","date_recorded":"","explicit":"","block":"","footnotes":""},"class_list":["post-1393","page","type-page","status-publish","hentry"],"_links":{"self":[{"href":"https:\/\/bernik.ch\/wordpress\/wp-json\/wp\/v2\/pages\/1393","targetHints":{"allow":["GET"]}}],"collection":[{"href":"https:\/\/bernik.ch\/wordpress\/wp-json\/wp\/v2\/pages"}],"about":[{"href":"https:\/\/bernik.ch\/wordpress\/wp-json\/wp\/v2\/types\/page"}],"author":[{"embeddable":true,"href":"https:\/\/bernik.ch\/wordpress\/wp-json\/wp\/v2\/users\/5"}],"replies":[{"embeddable":true,"href":"https:\/\/bernik.ch\/wordpress\/wp-json\/wp\/v2\/comments?post=1393"}],"version-history":[{"count":0,"href":"https:\/\/bernik.ch\/wordpress\/wp-json\/wp\/v2\/pages\/1393\/revisions"}],"up":[{"embeddable":true,"href":"https:\/\/bernik.ch\/wordpress\/wp-json\/wp\/v2\/pages\/2"}],"wp:attachment":[{"href":"https:\/\/bernik.ch\/wordpress\/wp-json\/wp\/v2\/media?parent=1393"}],"curies":[{"name":"wp","href":"https:\/\/api.w.org\/{rel}","templated":true}]}}