{"id":1293,"date":"2013-06-28T22:17:50","date_gmt":"2013-06-28T20:17:50","guid":{"rendered":"http:\/\/www.bernik.ch\/wordpress\/?page_id=1293"},"modified":"2021-11-19T19:20:53","modified_gmt":"2021-11-19T18:20:53","slug":"electric","status":"publish","type":"page","link":"https:\/\/bernik.ch\/wordpress\/electric\/","title":{"rendered":"Improvisationsmusik ELEKTRONiC"},"content":{"rendered":"<p>Elektronisch_Musikst\u00fccke_frei_improvisiert_<\/p>\n<hr \/>\n<p>Rhodes Improvisation<\/p>\n<div id=\"mp3jWrap_0\" class=\"mjp-s-wrapper s-graphic unsel-mjp \" style=\"font-size:14px;\"><span id=\"playpause_wrap_mp3j_0\" class=\"wrap_inline_mp3j\" style=\"font-weight:700;\"><span class=\"gfxbutton_mp3j play-mjp\" id=\"playpause_mp3j_0\" style=\"font-size:14px;\">&nbsp;&nbsp;&nbsp;&nbsp;&nbsp;<\/span>&nbsp;<span class=\"group_wrap\"><span class=\"bars_mp3j\"><span class=\"loadB_mp3j\" id=\"load_mp3j_0\"><\/span><span class=\"posbarB_mp3j\" id=\"posbar_mp3j_0\"><\/span><\/span><span class=\"T_mp3j\" id=\"T_mp3j_0\" style=\"font-size:14px;\">Rhodes_Improvisation<\/span><span class=\"indi_mp3j\" style=\"font-size:9.8px;\" id=\"statusMI_0\"><\/span><\/span><span class=\"vol_mp3j flipped\" id=\"vol_mp3j_0\"><\/span><\/span><\/div><span class=\"s-nosolution\" id=\"mp3j_nosolution_0\" style=\"display:none;\"><\/span><script>\nMP3jPLAYLISTS.inline_0 = [\n\t{ name: \"rhodes\", formats: [\"m4a\"], mp3: \"aHR0cDovL3d3dy5iZXJuaWsuY2gvd29yZHByZXNzL3dwLWNvbnRlbnQvdXBsb2Fkcy8yMDE2LzAzL3Job2Rlcy5tcDQ=\", counterpart:\"\", artist: \"\", image: \"\", imgurl: \"\" }\n];\n<\/script>\n\n<script>MP3jPLAYERS[0] = { list: MP3jPLAYLISTS.inline_0, tr:0, type:'single', lstate:'', loop:false, play_txt:'&nbsp;&nbsp;&nbsp;&nbsp;&nbsp;', pause_txt:'&nbsp;&nbsp;&nbsp;&nbsp;&nbsp;', pp_title:'', autoplay:false, download:false, vol:70, height:'' };<\/script>\n<hr \/>\n<p>&#8222;frequenzg\u00e4nge&#8220;<\/p>\n<p>\nPiano und Live-Elektronik. \u00dcber Tastatur und Innenraum des Fl\u00fcgels erzeugte Kl\u00e4nge werden in Echtzeit mittels Mikrofon als elektronische Signale in den EMS Synthi &#8218;A&#8216; eingespeist, dort moduliert beziehungsweise transformiert und aus dem Lautsprecher heraus den akustischen Kl\u00e4ngen beigemischt (Track 1 und 2).<br \/>\nPiano und Analogsynthesizer. Fl\u00fcgel und EMS Synthi &#8218;A&#8216; verfolgen im Zusammenspiel unabh\u00e4ngig instrumentale Stimmen (Track 3).<br \/>\nEric Ruffing (EMS Synthi &#8218;A&#8216;), Bernhard Knab (p, kb, electronics)<\/p>\n\n <div id=\"wrapperMI_1\" class=\"wrap-mjp  \" style=\"position: relative; padding:2px 0px 2px 0px; margin:0px; width:100%;\">\n\t<div style=\"display:none;\" class=\"Eabove-mjp\" id=\"Eabove-mjp_1\"><\/div>\n\t <div class=\"subwrap-MI\">\n\t\t <div class=\"jp-innerwrap\">\n\t\t\t <div class=\"innerx\"><\/div>\n\t\t\t <div class=\"innerleft\"><\/div>\n\t\t\t <div class=\"innerright\"><\/div>\n\t\t\t <div class=\"innertab\"><\/div>\n\t\t\t <div class=\"interface-mjp\" style=\"height:116px;\" id=\"interfaceMI_1\">\n\t\t\t\t <div class=\"MI-image Himg right-mjp\" id=\"MI_image_1\" style=\" width:auto; height:116px; overflow:visible;\"><\/div>\n\t\t\t\t <div id=\"T_mp3j_1\" class=\"player-track-title left-mjp norm-mjp plain-mjp childNorm-mjp childItalic-mjp\" style=\"left:0px; right:0px;  top:3px;\"><\/div>\n\t\t\t\t <div class=\"bars_holder\">\n\t\t\t\t\t <div class=\"loadMI_mp3j\" id=\"load_mp3j_1\"><\/div>\n\t\t\t\t\t <div class=\"poscolMI_mp3j softenT-mjp\" id=\"poscol_mp3j_1\"><\/div>\n\t\t\t\t\t <div class=\"posbarMI_mp3j\" id=\"posbar_mp3j_1\"><\/div>\n\t\t\t\t <\/div>\n\t\t\t\t <div id=\"P-Time-MI_1\" class=\"jp-play-time\"><\/div>\n\t\t\t\t <div id=\"T-Time-MI_1\" class=\"jp-total-time\"><\/div>\n\t\t\t\t <div id=\"statusMI_1\" class=\"statusMI\"><\/div>\n\t\t\t\t <div class=\"transport-MI\"><div class=\"play-mjp\" id=\"playpause_mp3j_1\">Play<\/div><div class=\"stop-mjp\" id=\"stop_mp3j_1\">Stop<\/div><div class=\"next-mjp\" id=\"Next_mp3j_1\">Next&raquo;<\/div><div class=\"prev-mjp\" id=\"Prev_mp3j_1\">&laquo;Prev<\/div><\/div>\n\t\t\t\t <div class=\"buttons-wrap-mjp\" id=\"buttons-wrap-mjp_1\">\n\t\t\t\t\t <div class=\"playlist-toggle-MI\" id=\"playlist-toggle_1\">HIDE PLAYLIST<\/div>\n\t\t\t\t\t <div class=\"mp3j-popout-MI\" id=\"lpp_mp3j_1\" style=\"display:none;\">pop out and surf<\/div>\n\t\t\t\t\t \n\t\t\t\t <\/div>\n\t\t\t <\/div>\n\t\t\t <div class=\"mjp-volwrap\">\n\t\t\t\t <div class=\"MIsliderVolume\" id=\"vol_mp3j_1\"><\/div>\n\t\t\t\t <div class=\"innerExt1\" id=\"innerExt1_1\"><\/div>\n\t\t\t\t <div class=\"innerExt2\" id=\"innerExt2_1\"><\/div>\n\t\t\t <\/div>\n\t\t <\/div>\n\t\t <div style=\"display:none;\" class=\"Ebetween-mjp\" id=\"Ebetween-mjp_1\"><\/div>\n\t\t <div class=\"listwrap_mp3j\" id=\"L_mp3j_1\"><div class=\"wrapper-mjp\"><div class=\"playlist-colour\"><\/div><div class=\"wrapper-mjp\"><ul class=\"ul-mjp darken2-mjp dark-mjp childNorm-mjp childPlain-mjp left-mjp\" id=\"UL_mp3j_1\"><li><\/li><\/ul><\/div><\/div><\/div>\n\t <\/div>\n\t \n\t <div class=\"mp3j-nosolution\" id=\"mp3j_nosolution_1\" style=\"display:none;\"><\/div>\n\t <div style=\"display:none;\" class=\"Ebelow-mjp\" id=\"Ebelow-mjp_1\"><\/div>\n <\/div> \n<script>\nMP3jPLAYLISTS.MI_1 = [\n\t{ name: \"1\", formats: [\"mp3\"], mp3: \"aHR0cDovL3d3dy5iZXJuaWsuY2gvd29yZHByZXNzL3dwLWNvbnRlbnQvdXBsb2Fkcy8yMDEzLzA2LzIwMTMuMDYuMjYuXzEubXAz\", counterpart:\"\", artist: \"frequenzg\u00e4nge\", image: \"http:\/\/www.bernik.ch\/wordpress\/wp-content\/uploads\/2013\/12\/49.png\", imgurl: \"\" },\n\t{ name: \"2\", formats: [\"mp3\"], mp3: \"aHR0cDovL3d3dy5iZXJuaWsuY2gvd29yZHByZXNzL3dwLWNvbnRlbnQvdXBsb2Fkcy8yMDEzLzA2LzIwMTMuMDYuMjYuXzIubXAz\", counterpart:\"\", artist: \"frequenzg\u00e4nge\", image: \"http:\/\/www.bernik.ch\/wordpress\/wp-content\/uploads\/2013\/12\/49.png\", imgurl: \"\" },\n\t{ name: \"3\", formats: [\"mp3\"], mp3: \"aHR0cDovL3d3dy5iZXJuaWsuY2gvd29yZHByZXNzL3dwLWNvbnRlbnQvdXBsb2Fkcy8yMDEzLzA2LzIwMTMuMDYuMjYuXzMubXAz\", counterpart:\"\", artist: \"frequenzg\u00e4nge\", image: \"http:\/\/www.bernik.ch\/wordpress\/wp-content\/uploads\/2013\/12\/49.png\", imgurl: \"\" }\n];\n<\/script>\n\n<script>MP3jPLAYERS[1] = { list:MP3jPLAYLISTS.MI_1, tr:0, type:'MI', lstate:true, loop:false, play_txt:'Play', pause_txt:'Pause', pp_title:'Text: Gedichte | Musik: Impro', autoplay:false, download:false, vol:70, height:116, cssclass:' ', popout_css:{ enabled:true, \t\t\tcolours: [\"#fff\", \"transparent\", \"rgba(8,8,8,0.05)\", \"transparent\", \"rgb(229, 19, 19)\", \"transparent\", \"transparent\", \"inherit\", \"inherit\", \"inherit\", \"inherit\", \"http:\/\/www.bernik.ch\/wordpress\/wp-content\/uploads\/2011\/11\/cropped-stuecke_zeichnen-1.png\", 250, 200 ],\n\t\t\tcssInterface: { \"color\": \"inherit\" },\n\t\t\tcssTitle: { \"left\": \"0px\", \"right\":\"0px\", \"top\":\"3px\" },\n\t\t\tcssImage: { \"overflow\": \"visible\", \"width\":\"auto\", \"height\":\"116px\"  },\n\t\t\tcssFontSize: { \"title\": \"28px\", \"caption\": \"19.6px\", \"list\": \"11px\" },\n\t\t\tclasses: { interface:'', title:' left-mjp norm-mjp plain-mjp childNorm-mjp childItalic-mjp', image:' Himg right-mjp', poscol:' softenT-mjp', ul:' darken2-mjp dark-mjp childNorm-mjp childPlain-mjp left-mjp' }} };<\/script>\n\n\n<hr \/>\n<p>Ein Traumst\u00fcck, ein St\u00fcck Traum, St\u00fccktraum<\/p>\n<div id=\"mp3jWrap_2\" class=\"mjp-s-wrapper s-graphic unsel-mjp \" style=\"font-size:14px;\"><span id=\"playpause_wrap_mp3j_2\" class=\"wrap_inline_mp3j\" style=\"font-weight:700;\"><span class=\"gfxbutton_mp3j play-mjp\" id=\"playpause_mp3j_2\" style=\"font-size:14px;\">&nbsp;&nbsp;&nbsp;&nbsp;&nbsp;<\/span>&nbsp;<span class=\"group_wrap\"><span class=\"bars_mp3j\"><span class=\"loadB_mp3j\" id=\"load_mp3j_2\"><\/span><span class=\"posbarB_mp3j\" id=\"posbar_mp3j_2\"><\/span><\/span><span class=\"T_mp3j\" id=\"T_mp3j_2\" style=\"font-size:14px;\">Traumst\u00fcck<\/span><span class=\"indi_mp3j\" style=\"font-size:9.8px;\" id=\"statusMI_2\"><\/span><\/span><span class=\"vol_mp3j flipped\" id=\"vol_mp3j_2\"><\/span><\/span><\/div><span class=\"s-nosolution\" id=\"mp3j_nosolution_2\" style=\"display:none;\"><\/span><script>\nMP3jPLAYLISTS.inline_1 = [\n\t{ name: \"2013.02.20._traumstueck\", formats: [\"mp3\"], mp3: \"aHR0cDovL3d3dy5iZXJuaWsuY2gvd29yZHByZXNzL3dwLWNvbnRlbnQvdXBsb2Fkcy8yMDEzLzAyLzIwMTMuMDIuMjAuX3RyYXVtc3R1ZWNrLm1wMw==\", counterpart:\"\", artist: \"\", image: \"\", imgurl: \"\" }\n];\n<\/script>\n\n<script>MP3jPLAYERS[2] = { list: MP3jPLAYLISTS.inline_1, tr:0, type:'single', lstate:'', loop:false, play_txt:'&nbsp;&nbsp;&nbsp;&nbsp;&nbsp;', pause_txt:'&nbsp;&nbsp;&nbsp;&nbsp;&nbsp;', pp_title:'', autoplay:false, download:false, vol:70, height:'' };<\/script>\n<hr \/>\n<p>Was ist Kunst, was ist Kitsch?<\/p>\n<div id=\"mp3jWrap_3\" class=\"mjp-s-wrapper s-graphic unsel-mjp \" style=\"font-size:14px;\"><span id=\"playpause_wrap_mp3j_3\" class=\"wrap_inline_mp3j\" style=\"font-weight:700;\"><span class=\"gfxbutton_mp3j play-mjp\" id=\"playpause_mp3j_3\" style=\"font-size:14px;\">&nbsp;&nbsp;&nbsp;&nbsp;&nbsp;<\/span>&nbsp;<span class=\"group_wrap\"><span class=\"bars_mp3j\"><span class=\"loadB_mp3j\" id=\"load_mp3j_3\"><\/span><span class=\"posbarB_mp3j\" id=\"posbar_mp3j_3\"><\/span><\/span><span class=\"T_mp3j\" id=\"T_mp3j_3\" style=\"font-size:14px;\">kitsch impro<\/span><span class=\"indi_mp3j\" style=\"font-size:9.8px;\" id=\"statusMI_3\"><\/span><\/span><span class=\"vol_mp3j flipped\" id=\"vol_mp3j_3\"><\/span><\/span><\/div><span class=\"s-nosolution\" id=\"mp3j_nosolution_3\" style=\"display:none;\"><\/span><script>\nMP3jPLAYLISTS.inline_2 = [\n\t{ name: \"kitsch_impro\", formats: [\"mp3\"], mp3: \"aHR0cDovL3d3dy5iZXJuaWsuY2gvd29yZHByZXNzL3dwLWNvbnRlbnQvdXBsb2Fkcy8yMDEyLzEyL2tpdHNjaF9pbXByby5tcDM=\", counterpart:\"\", artist: \"\", image: \"\", imgurl: \"\" }\n];\n<\/script>\n\n<script>MP3jPLAYERS[3] = { list: MP3jPLAYLISTS.inline_2, tr:0, type:'single', lstate:'', loop:false, play_txt:'&nbsp;&nbsp;&nbsp;&nbsp;&nbsp;', pause_txt:'&nbsp;&nbsp;&nbsp;&nbsp;&nbsp;', pp_title:'', autoplay:false, download:false, vol:70, height:'' };<\/script>\n<hr \/>\n<p>Oktave e<\/p>\n<div id=\"mp3jWrap_4\" class=\"mjp-s-wrapper s-graphic unsel-mjp \" style=\"font-size:14px;\"><span id=\"playpause_wrap_mp3j_4\" class=\"wrap_inline_mp3j\" style=\"font-weight:700;\"><span class=\"gfxbutton_mp3j play-mjp\" id=\"playpause_mp3j_4\" style=\"font-size:14px;\">&nbsp;&nbsp;&nbsp;&nbsp;&nbsp;<\/span>&nbsp;<span class=\"group_wrap\"><span class=\"bars_mp3j\"><span class=\"loadB_mp3j\" id=\"load_mp3j_4\"><\/span><span class=\"posbarB_mp3j\" id=\"posbar_mp3j_4\"><\/span><\/span><span class=\"T_mp3j\" id=\"T_mp3j_4\" style=\"font-size:14px;\">Piano E<\/span><span class=\"indi_mp3j\" style=\"font-size:9.8px;\" id=\"statusMI_4\"><\/span><\/span><span class=\"vol_mp3j flipped\" id=\"vol_mp3j_4\"><\/span><\/span><\/div><span class=\"s-nosolution\" id=\"mp3j_nosolution_4\" style=\"display:none;\"><\/span><script>\nMP3jPLAYLISTS.inline_3 = [\n\t{ name: \"piano_e\", formats: [\"mp3\"], mp3: \"aHR0cDovL3d3dy5iZXJuaWsuY2gvd29yZHByZXNzL3dwLWNvbnRlbnQvdXBsb2Fkcy8yMDExLzEyL3BpYW5vX2UubXAz\", counterpart:\"\", artist: \"piano_e\", image: \"\", imgurl: \"\" }\n];\n<\/script>\n\n<script>MP3jPLAYERS[4] = { list: MP3jPLAYLISTS.inline_3, tr:0, type:'single', lstate:'', loop:false, play_txt:'&nbsp;&nbsp;&nbsp;&nbsp;&nbsp;', pause_txt:'&nbsp;&nbsp;&nbsp;&nbsp;&nbsp;', pp_title:'', autoplay:false, download:false, vol:70, height:'' };<\/script>\n<hr \/>\n<p>Ein Tribut an das Fender-Piano<\/p>\n<div id=\"mp3jWrap_5\" class=\"mjp-s-wrapper s-graphic unsel-mjp \" style=\"font-size:14px;\"><span id=\"playpause_wrap_mp3j_5\" class=\"wrap_inline_mp3j\" style=\"font-weight:700;\"><span class=\"gfxbutton_mp3j play-mjp\" id=\"playpause_mp3j_5\" style=\"font-size:14px;\">&nbsp;&nbsp;&nbsp;&nbsp;&nbsp;<\/span>&nbsp;<span class=\"group_wrap\"><span class=\"bars_mp3j\"><span class=\"loadB_mp3j\" id=\"load_mp3j_5\"><\/span><span class=\"posbarB_mp3j\" id=\"posbar_mp3j_5\"><\/span><\/span><span class=\"T_mp3j\" id=\"T_mp3j_5\" style=\"font-size:14px;\">impro Fender<\/span><span class=\"indi_mp3j\" style=\"font-size:9.8px;\" id=\"statusMI_5\"><\/span><\/span><span class=\"vol_mp3j flipped\" id=\"vol_mp3j_5\"><\/span><\/span><\/div><span class=\"s-nosolution\" id=\"mp3j_nosolution_5\" style=\"display:none;\"><\/span><script>\nMP3jPLAYLISTS.inline_4 = [\n\t{ name: \"impro_fender\", formats: [\"mp3\"], mp3: \"aHR0cDovL3d3dy5iZXJuaWsuY2gvd29yZHByZXNzL3dwLWNvbnRlbnQvdXBsb2Fkcy8yMDExLzExL2ltcHJvX2ZlbmRlci5tcDM=\", counterpart:\"\", artist: \"\", image: \"\", imgurl: \"\" }\n];\n<\/script>\n\n<script>MP3jPLAYERS[5] = { list: MP3jPLAYLISTS.inline_4, tr:0, type:'single', lstate:'', loop:false, play_txt:'&nbsp;&nbsp;&nbsp;&nbsp;&nbsp;', pause_txt:'&nbsp;&nbsp;&nbsp;&nbsp;&nbsp;', pp_title:'', autoplay:false, download:false, vol:70, height:'' };<\/script>\n<hr \/>\n<p>Elektrische Orgeln und Perkussion<\/p>\n<div id=\"mp3jWrap_6\" class=\"mjp-s-wrapper s-graphic unsel-mjp \" style=\"font-size:14px;\"><span id=\"playpause_wrap_mp3j_6\" class=\"wrap_inline_mp3j\" style=\"font-weight:700;\"><span class=\"gfxbutton_mp3j play-mjp\" id=\"playpause_mp3j_6\" style=\"font-size:14px;\">&nbsp;&nbsp;&nbsp;&nbsp;&nbsp;<\/span>&nbsp;<span class=\"group_wrap\"><span class=\"bars_mp3j\"><span class=\"loadB_mp3j\" id=\"load_mp3j_6\"><\/span><span class=\"posbarB_mp3j\" id=\"posbar_mp3j_6\"><\/span><\/span><span class=\"T_mp3j\" id=\"T_mp3j_6\" style=\"font-size:14px;\">Orgeln und Perkussion<\/span><span class=\"indi_mp3j\" style=\"font-size:9.8px;\" id=\"statusMI_6\"><\/span><\/span><span class=\"vol_mp3j flipped\" id=\"vol_mp3j_6\"><\/span><\/span><\/div><span class=\"s-nosolution\" id=\"mp3j_nosolution_6\" style=\"display:none;\"><\/span><script>\nMP3jPLAYLISTS.inline_5 = [\n\t{ name: \"2011.12.17._erstes perkussionsprojekt mit orgeln\", formats: [\"mp3\"], mp3: \"aHR0cDovL3d3dy5iZXJuaWsuY2gvd29yZHByZXNzL3dwLWNvbnRlbnQvdXBsb2Fkcy8yMDExLzExLzIwMTEuMTIuMTcuX2Vyc3Rlcy1wZXJrdXNzaW9uc3Byb2pla3QtbWl0LW9yZ2Vsbi5tcDM=\", counterpart:\"\", artist: \"\", image: \"\", imgurl: \"\" }\n];\n<\/script>\n\n<script>MP3jPLAYERS[6] = { list: MP3jPLAYLISTS.inline_5, tr:0, type:'single', lstate:'', loop:false, play_txt:'&nbsp;&nbsp;&nbsp;&nbsp;&nbsp;', pause_txt:'&nbsp;&nbsp;&nbsp;&nbsp;&nbsp;', pp_title:'', autoplay:false, download:false, vol:70, height:'' };<\/script>\n<hr \/>\n<p>Elektronisches Feature mit pitch bend und dem Spiel mit den Cents; Tongewohnheiten?<\/p>\n<div id=\"mp3jWrap_7\" class=\"mjp-s-wrapper s-graphic unsel-mjp \" style=\"font-size:14px;\"><span id=\"playpause_wrap_mp3j_7\" class=\"wrap_inline_mp3j\" style=\"font-weight:700;\"><span class=\"gfxbutton_mp3j play-mjp\" id=\"playpause_mp3j_7\" style=\"font-size:14px;\">&nbsp;&nbsp;&nbsp;&nbsp;&nbsp;<\/span>&nbsp;<span class=\"group_wrap\"><span class=\"bars_mp3j\"><span class=\"loadB_mp3j\" id=\"load_mp3j_7\"><\/span><span class=\"posbarB_mp3j\" id=\"posbar_mp3j_7\"><\/span><\/span><span class=\"T_mp3j\" id=\"T_mp3j_7\" style=\"font-size:14px;\">Tongewohnheiten<\/span><span class=\"indi_mp3j\" style=\"font-size:9.8px;\" id=\"statusMI_7\"><\/span><\/span><span class=\"vol_mp3j flipped\" id=\"vol_mp3j_7\"><\/span><\/span><\/div><span class=\"s-nosolution\" id=\"mp3j_nosolution_7\" style=\"display:none;\"><\/span><script>\nMP3jPLAYLISTS.inline_6 = [\n\t{ name: \"pitch_bend\", formats: [\"mp3\"], mp3: \"aHR0cDovL3d3dy5iZXJuaWsuY2gvd29yZHByZXNzL3dwLWNvbnRlbnQvdXBsb2Fkcy8yMDExLzExL3BpdGNoX2JlbmQubXAz\", counterpart:\"\", artist: \"pitch_bend\", image: \"\", imgurl: \"\" }\n];\n<\/script>\n\n<script>MP3jPLAYERS[7] = { list: MP3jPLAYLISTS.inline_6, tr:0, type:'single', lstate:'', loop:false, play_txt:'&nbsp;&nbsp;&nbsp;&nbsp;&nbsp;', pause_txt:'&nbsp;&nbsp;&nbsp;&nbsp;&nbsp;', pp_title:'', autoplay:false, download:false, vol:70, height:'' };<\/script>\n<hr \/>\n<p>\u00dcbersteuerungen an der Grenze, eingebaut in die Klanglandschaft.<\/p>\n<div id=\"mp3jWrap_8\" class=\"mjp-s-wrapper s-graphic unsel-mjp \" style=\"font-size:14px;\"><span id=\"playpause_wrap_mp3j_8\" class=\"wrap_inline_mp3j\" style=\"font-weight:700;\"><span class=\"gfxbutton_mp3j play-mjp\" id=\"playpause_mp3j_8\" style=\"font-size:14px;\">&nbsp;&nbsp;&nbsp;&nbsp;&nbsp;<\/span>&nbsp;<span class=\"group_wrap\"><span class=\"bars_mp3j\"><span class=\"loadB_mp3j\" id=\"load_mp3j_8\"><\/span><span class=\"posbarB_mp3j\" id=\"posbar_mp3j_8\"><\/span><\/span><span class=\"T_mp3j\" id=\"T_mp3j_8\" style=\"font-size:14px;\">steuerungen<\/span><span class=\"indi_mp3j\" style=\"font-size:9.8px;\" id=\"statusMI_8\"><\/span><\/span><span class=\"vol_mp3j flipped\" id=\"vol_mp3j_8\"><\/span><\/span><\/div><span class=\"s-nosolution\" id=\"mp3j_nosolution_8\" style=\"display:none;\"><\/span><script>\nMP3jPLAYLISTS.inline_7 = [\n\t{ name: \"steuerung\", formats: [\"mp3\"], mp3: \"aHR0cDovL3d3dy5iZXJuaWsuY2gvd29yZHByZXNzL3dwLWNvbnRlbnQvdXBsb2Fkcy8yMDExLzExL3N0ZXVlcnVuZy5tcDM=\", counterpart:\"\", artist: \"\", image: \"\", imgurl: \"\" }\n];\n<\/script>\n\n<script>MP3jPLAYERS[8] = { list: MP3jPLAYLISTS.inline_7, tr:0, type:'single', lstate:'', loop:false, play_txt:'&nbsp;&nbsp;&nbsp;&nbsp;&nbsp;', pause_txt:'&nbsp;&nbsp;&nbsp;&nbsp;&nbsp;', pp_title:'', autoplay:false, download:false, vol:70, height:'' };<\/script>\n<hr \/>\n<p>Situation Tangoid; neuer Elektrotango<\/p>\n<div id=\"mp3jWrap_9\" class=\"mjp-s-wrapper s-graphic unsel-mjp \" style=\"font-size:14px;\"><span id=\"playpause_wrap_mp3j_9\" class=\"wrap_inline_mp3j\" style=\"font-weight:700;\"><span class=\"gfxbutton_mp3j play-mjp\" id=\"playpause_mp3j_9\" style=\"font-size:14px;\">&nbsp;&nbsp;&nbsp;&nbsp;&nbsp;<\/span>&nbsp;<span class=\"group_wrap\"><span class=\"bars_mp3j\"><span class=\"loadB_mp3j\" id=\"load_mp3j_9\"><\/span><span class=\"posbarB_mp3j\" id=\"posbar_mp3j_9\"><\/span><\/span><span class=\"T_mp3j\" id=\"T_mp3j_9\" style=\"font-size:14px;\">tangoid<\/span><span class=\"indi_mp3j\" style=\"font-size:9.8px;\" id=\"statusMI_9\"><\/span><\/span><span class=\"vol_mp3j flipped\" id=\"vol_mp3j_9\"><\/span><\/span><\/div><span class=\"s-nosolution\" id=\"mp3j_nosolution_9\" style=\"display:none;\"><\/span><script>\nMP3jPLAYLISTS.inline_8 = [\n\t{ name: \"tangoid\", formats: [\"mp3\"], mp3: \"aHR0cDovL3d3dy5iZXJuaWsuY2gvd29yZHByZXNzL3dwLWNvbnRlbnQvdXBsb2Fkcy8yMDExLzExL3RhbmdvaWQubXAz\", counterpart:\"\", artist: \"\", image: \"\", imgurl: \"\" }\n];\n<\/script>\n\n<script>MP3jPLAYERS[9] = { list: MP3jPLAYLISTS.inline_8, tr:0, type:'single', lstate:'', loop:false, play_txt:'&nbsp;&nbsp;&nbsp;&nbsp;&nbsp;', pause_txt:'&nbsp;&nbsp;&nbsp;&nbsp;&nbsp;', pp_title:'', autoplay:false, download:false, vol:70, height:'' };<\/script>\n<hr \/>\n<p>Glockenspiel<\/p>\n<div id=\"mp3jWrap_10\" class=\"mjp-s-wrapper s-graphic unsel-mjp \" style=\"font-size:14px;\"><span id=\"playpause_wrap_mp3j_10\" class=\"wrap_inline_mp3j\" style=\"font-weight:700;\"><span class=\"gfxbutton_mp3j play-mjp\" id=\"playpause_mp3j_10\" style=\"font-size:14px;\">&nbsp;&nbsp;&nbsp;&nbsp;&nbsp;<\/span>&nbsp;<span class=\"group_wrap\"><span class=\"bars_mp3j\"><span class=\"loadB_mp3j\" id=\"load_mp3j_10\"><\/span><span class=\"posbarB_mp3j\" id=\"posbar_mp3j_10\"><\/span><\/span><span class=\"T_mp3j\" id=\"T_mp3j_10\" style=\"font-size:14px;\">Energie-Glocken<\/span><span class=\"indi_mp3j\" style=\"font-size:9.8px;\" id=\"statusMI_10\"><\/span><\/span><span class=\"vol_mp3j flipped\" id=\"vol_mp3j_10\"><\/span><\/span><\/div><span class=\"s-nosolution\" id=\"mp3j_nosolution_10\" style=\"display:none;\"><\/span><script>\nMP3jPLAYLISTS.inline_9 = [\n\t{ name: \"2011.12.2._energie\", formats: [\"mp3\"], mp3: \"aHR0cDovL3d3dy5iZXJuaWsuY2gvd29yZHByZXNzL3dwLWNvbnRlbnQvdXBsb2Fkcy8yMDExLzExL2VuZXJnaWUubXAz\", counterpart:\"\", artist: \"2011.12.2._energie\", image: \"\", imgurl: \"\" }\n];\n<\/script>\n\n<script>MP3jPLAYERS[10] = { list: MP3jPLAYLISTS.inline_9, tr:0, type:'single', lstate:'', loop:false, play_txt:'&nbsp;&nbsp;&nbsp;&nbsp;&nbsp;', pause_txt:'&nbsp;&nbsp;&nbsp;&nbsp;&nbsp;', pp_title:'', autoplay:false, download:false, vol:70, height:'' };<\/script>\n<hr \/>\n<p>Glasorgelspiel<\/p>\n<div id=\"mp3jWrap_11\" class=\"mjp-s-wrapper s-graphic unsel-mjp \" style=\"font-size:14px;\"><span id=\"playpause_wrap_mp3j_11\" class=\"wrap_inline_mp3j\" style=\"font-weight:700;\"><span class=\"gfxbutton_mp3j play-mjp\" id=\"playpause_mp3j_11\" style=\"font-size:14px;\">&nbsp;&nbsp;&nbsp;&nbsp;&nbsp;<\/span>&nbsp;<span class=\"group_wrap\"><span class=\"bars_mp3j\"><span class=\"loadB_mp3j\" id=\"load_mp3j_11\"><\/span><span class=\"posbarB_mp3j\" id=\"posbar_mp3j_11\"><\/span><\/span><span class=\"T_mp3j\" id=\"T_mp3j_11\" style=\"font-size:14px;\">Glasorgel<\/span><span class=\"indi_mp3j\" style=\"font-size:9.8px;\" id=\"statusMI_11\"><\/span><\/span><span class=\"vol_mp3j flipped\" id=\"vol_mp3j_11\"><\/span><\/span><\/div><span class=\"s-nosolution\" id=\"mp3j_nosolution_11\" style=\"display:none;\"><\/span><script>\nMP3jPLAYLISTS.inline_10 = [\n\t{ name: \"glasorgel\", formats: [\"mp3\"], mp3: \"aHR0cDovL3d3dy5iZXJuaWsuY2gvd29yZHByZXNzL3dwLWNvbnRlbnQvdXBsb2Fkcy8yMDExLzExL2dsYXNvcmdlbC5tcDM=\", counterpart:\"\", artist: \"\", image: \"\", imgurl: \"\" }\n];\n<\/script>\n\n<script>MP3jPLAYERS[11] = { list: MP3jPLAYLISTS.inline_10, tr:0, type:'single', lstate:'', loop:false, play_txt:'&nbsp;&nbsp;&nbsp;&nbsp;&nbsp;', pause_txt:'&nbsp;&nbsp;&nbsp;&nbsp;&nbsp;', pp_title:'', autoplay:false, download:false, vol:70, height:'' };<\/script>\n","protected":false},"excerpt":{"rendered":"excerpt","protected":false},"author":5,"featured_media":0,"parent":0,"menu_order":0,"comment_status":"open","ping_status":"closed","template":"","meta":{"episode_type":"","audio_file":"","podmotor_file_id":"","podmotor_episode_id":"","cover_image":"","cover_image_id":"","duration":"","filesize":"","filesize_raw":"","date_recorded":"","explicit":"","block":"","footnotes":""},"class_list":["post-1293","page","type-page","status-publish","hentry"],"_links":{"self":[{"href":"https:\/\/bernik.ch\/wordpress\/wp-json\/wp\/v2\/pages\/1293","targetHints":{"allow":["GET"]}}],"collection":[{"href":"https:\/\/bernik.ch\/wordpress\/wp-json\/wp\/v2\/pages"}],"about":[{"href":"https:\/\/bernik.ch\/wordpress\/wp-json\/wp\/v2\/types\/page"}],"author":[{"embeddable":true,"href":"https:\/\/bernik.ch\/wordpress\/wp-json\/wp\/v2\/users\/5"}],"replies":[{"embeddable":true,"href":"https:\/\/bernik.ch\/wordpress\/wp-json\/wp\/v2\/comments?post=1293"}],"version-history":[{"count":0,"href":"https:\/\/bernik.ch\/wordpress\/wp-json\/wp\/v2\/pages\/1293\/revisions"}],"wp:attachment":[{"href":"https:\/\/bernik.ch\/wordpress\/wp-json\/wp\/v2\/media?parent=1293"}],"curies":[{"name":"wp","href":"https:\/\/api.w.org\/{rel}","templated":true}]}}