{"id":1280,"date":"2013-06-16T15:56:27","date_gmt":"2013-06-16T13:56:27","guid":{"rendered":"http:\/\/www.bernik.ch\/wordpress\/?page_id=1280"},"modified":"2013-06-16T15:56:27","modified_gmt":"2013-06-16T13:56:27","slug":"werden","status":"publish","type":"page","link":"https:\/\/bernik.ch\/wordpress\/textgedichte\/werden\/","title":{"rendered":"werden"},"content":{"rendered":"<p>Was wird wenn<br \/>\nim Leben<br \/>\nso einiges w\u00e4chst<br \/>\ngleich j\u00fcngeren und \u00e4lteren B\u00e4umen<br \/>\nin W\u00e4ldern<br \/>\nBlattadern im Sonnenlicht<\/p>\n<p>viele<br \/>\nzu sehen<br \/>\nimmerzu<br \/>\nzeigen sich dir<br \/>\nNetzranken<\/p>\n<p>Das Leben<br \/>\nist dann sp\u00fcrbar<br \/>\nerf\u00fcllt<br \/>\nunsicher versichernd<br \/>\nwahrend<br \/>\nim Aufbruch<br \/>\nwebend gewoben<\/p>\n","protected":false},"excerpt":{"rendered":"excerpt","protected":false},"author":5,"featured_media":0,"parent":2,"menu_order":0,"comment_status":"open","ping_status":"closed","template":"","meta":{"episode_type":"","audio_file":"","podmotor_file_id":"","podmotor_episode_id":"","cover_image":"","cover_image_id":"","duration":"","filesize":"","filesize_raw":"","date_recorded":"","explicit":"","block":"","footnotes":""},"class_list":["post-1280","page","type-page","status-publish","hentry"],"_links":{"self":[{"href":"https:\/\/bernik.ch\/wordpress\/wp-json\/wp\/v2\/pages\/1280","targetHints":{"allow":["GET"]}}],"collection":[{"href":"https:\/\/bernik.ch\/wordpress\/wp-json\/wp\/v2\/pages"}],"about":[{"href":"https:\/\/bernik.ch\/wordpress\/wp-json\/wp\/v2\/types\/page"}],"author":[{"embeddable":true,"href":"https:\/\/bernik.ch\/wordpress\/wp-json\/wp\/v2\/users\/5"}],"replies":[{"embeddable":true,"href":"https:\/\/bernik.ch\/wordpress\/wp-json\/wp\/v2\/comments?post=1280"}],"version-history":[{"count":0,"href":"https:\/\/bernik.ch\/wordpress\/wp-json\/wp\/v2\/pages\/1280\/revisions"}],"up":[{"embeddable":true,"href":"https:\/\/bernik.ch\/wordpress\/wp-json\/wp\/v2\/pages\/2"}],"wp:attachment":[{"href":"https:\/\/bernik.ch\/wordpress\/wp-json\/wp\/v2\/media?parent=1280"}],"curies":[{"name":"wp","href":"https:\/\/api.w.org\/{rel}","templated":true}]}}