{"id":1216,"date":"2013-04-27T16:03:21","date_gmt":"2013-04-27T14:03:21","guid":{"rendered":"http:\/\/www.bernik.ch\/wordpress\/?page_id=1216"},"modified":"2013-04-27T22:36:36","modified_gmt":"2013-04-27T20:36:36","slug":"lesend-und-schreibend","status":"publish","type":"page","link":"https:\/\/bernik.ch\/wordpress\/textgedichte\/lesend-und-schreibend\/","title":{"rendered":"Lesend und schreibend"},"content":{"rendered":"<p>Wenn ich lese, tanzen randschattige Wesen<br \/>\nlangf\u00f6rmig gekr\u00fcmmt vor meinen Sinnen,<br \/>\nw\u00e4hrend die W\u00f6rter schwanken, die Buchstaben tanzen,<br \/>\nder Geist alles M\u00f6gliche zu sich nimmt.<\/p>\n<p>\u00dcberw\u00e4chst mich die Gr\u00f6sse dieses Seins<br \/>\nzu gewaltig als eine Augensp\u00fclung sinnvoll<br \/>\nsei im grellen Leselicht der idealen<br \/>\nLampe, nicht geblendet,<\/p>\n<p>dann sind daneben B\u00fccherreihen aus<br \/>\nInteresse und Lesehunger,<br \/>\nPein und Freude, chiasmatisch am Lesetisch:<br \/>\nSoma, Psyche und Kosmos, \u00dcbermut.<\/p>\n<p>So rollt das Sein, roh erworben aus tausenden<br \/>\nDingen konkret in die gegenw\u00e4rtige Zukunft hinein.<br \/>\nDas Buch je mehr es lesend die W\u00fcrmer mir nimmt,<br \/>\nGeborenes, die Musik, sch\u00f6ne Nackte, der Computer, Machwerk hortend.<\/p>\n<p>Das alles in deutscher Sprache im Flachen geschrieben<br \/>\nAlles andere in dritten und weiteren Dimensionen<br \/>\nkondensiert in Knappheit, ontologisch logisch eben.<\/p>\n<p>&nbsp;<\/p>\n<div id=\"mp3jWrap_0\" class=\"mjp-s-wrapper s-graphic unsel-mjp \" style=\"font-size:14px;\"><span id=\"playpause_wrap_mp3j_0\" class=\"wrap_inline_mp3j\" style=\"font-weight:700;\"><span class=\"gfxbutton_mp3j play-mjp\" id=\"playpause_mp3j_0\" style=\"font-size:14px;\">&nbsp;&nbsp;&nbsp;&nbsp;&nbsp;<\/span>&nbsp;<span class=\"group_wrap\"><span class=\"bars_mp3j\"><span class=\"loadB_mp3j\" id=\"load_mp3j_0\"><\/span><span class=\"posbarB_mp3j\" id=\"posbar_mp3j_0\"><\/span><\/span><span class=\"T_mp3j\" id=\"T_mp3j_0\" style=\"font-size:14px;\">lesend und schreibend<\/span><span class=\"indi_mp3j\" style=\"font-size:9.8px;\" id=\"statusMI_0\"><\/span><\/span><span class=\"vol_mp3j flipped\" id=\"vol_mp3j_0\"><\/span><\/span><\/div><span class=\"s-nosolution\" id=\"mp3j_nosolution_0\" style=\"display:none;\"><\/span><script>\nMP3jPLAYLISTS.inline_0 = [\n\t{ name: \"lesend und schreibend\", formats: [\"mp3\"], mp3: \"aHR0cDovL3d3dy5iZXJuaWsuY2gvd29yZHByZXNzL3dwLWNvbnRlbnQvdXBsb2Fkcy8yMDEzLzA0L2xlc2VuZCB1bmQgc2NocmVpYmVuZC5tcDM=\", counterpart:\"\", artist: \"\", image: \"\", imgurl: \"\" }\n];\n<\/script>\n\n<script>MP3jPLAYERS[0] = { list: MP3jPLAYLISTS.inline_0, tr:0, type:'single', lstate:'', loop:false, play_txt:'&nbsp;&nbsp;&nbsp;&nbsp;&nbsp;', pause_txt:'&nbsp;&nbsp;&nbsp;&nbsp;&nbsp;', pp_title:'', autoplay:false, download:false, vol:70, height:'' };<\/script>\n","protected":false},"excerpt":{"rendered":"excerpt","protected":false},"author":5,"featured_media":0,"parent":2,"menu_order":0,"comment_status":"open","ping_status":"closed","template":"","meta":{"episode_type":"","audio_file":"","podmotor_file_id":"","podmotor_episode_id":"","cover_image":"","cover_image_id":"","duration":"","filesize":"","filesize_raw":"","date_recorded":"","explicit":"","block":"","footnotes":""},"class_list":["post-1216","page","type-page","status-publish","hentry"],"_links":{"self":[{"href":"https:\/\/bernik.ch\/wordpress\/wp-json\/wp\/v2\/pages\/1216","targetHints":{"allow":["GET"]}}],"collection":[{"href":"https:\/\/bernik.ch\/wordpress\/wp-json\/wp\/v2\/pages"}],"about":[{"href":"https:\/\/bernik.ch\/wordpress\/wp-json\/wp\/v2\/types\/page"}],"author":[{"embeddable":true,"href":"https:\/\/bernik.ch\/wordpress\/wp-json\/wp\/v2\/users\/5"}],"replies":[{"embeddable":true,"href":"https:\/\/bernik.ch\/wordpress\/wp-json\/wp\/v2\/comments?post=1216"}],"version-history":[{"count":0,"href":"https:\/\/bernik.ch\/wordpress\/wp-json\/wp\/v2\/pages\/1216\/revisions"}],"up":[{"embeddable":true,"href":"https:\/\/bernik.ch\/wordpress\/wp-json\/wp\/v2\/pages\/2"}],"wp:attachment":[{"href":"https:\/\/bernik.ch\/wordpress\/wp-json\/wp\/v2\/media?parent=1216"}],"curies":[{"name":"wp","href":"https:\/\/api.w.org\/{rel}","templated":true}]}}