{"id":1110,"date":"2013-02-23T17:47:32","date_gmt":"2013-02-23T16:47:32","guid":{"rendered":"http:\/\/www.bernik.ch\/wordpress\/?page_id=1110"},"modified":"2018-02-10T19:21:48","modified_gmt":"2018-02-10T18:21:48","slug":"liebe-und-hass","status":"publish","type":"page","link":"https:\/\/bernik.ch\/wordpress\/textgedichte\/liebe-und-hass\/","title":{"rendered":"Liebe und Hass"},"content":{"rendered":"<p style=\"text-align: justify;\"><strong>I<\/strong><br \/>\nGold am Anfang<br \/>\nMutter wie Tochter<br \/>\nFeder in Sch\u00f6nheit<br \/>\nSafran in Farben<br \/>\nspielend am Strand<\/p>\n<p>wohlgestalt<br \/>\ngeliebte Gestik<br \/>\nStimme an H\u00e4nden<\/p>\n<p>gesch\u00fcrzt ver\u00e4chtlich<br \/>\nweisse Bl\u00fcten<br \/>\nim glatten Haar<\/p>\n<p>\u00fcppige Formen<br \/>\nvergiftende S\u00fcsse<br \/>\nangestrengtes Leid<\/p>\n<p>Sapphos Gef\u00e4hrtinnen<br \/>\nalles Rosen, alle<\/p>\n<p><strong>II<\/strong><br \/>\nGl\u00e4nzend zu Anbeginn<br \/>\nBist du wie deine Mutter<br \/>\nMit einer Feder im Haar<br \/>\nBeim Wohlgeruch des Safrans<br \/>\nSpielst du mit Muscheln<\/p>\n<p>Harmonisch aber dein K\u00f6rperbau<br \/>\nDeine Gesten verzehre ich<br \/>\nDeine Stimme mit geschickten H\u00e4nden<\/p>\n<p>Ver\u00e4chtlich bist du da<br \/>\nMit weissen Bl\u00fcten im Haar<br \/>\nDein glattes, feines Silber<\/p>\n<p>\u00dcppig du Sinnliche<br \/>\nDeine S\u00fcsse vergiftet<br \/>\nOhne Begleiterin, angestrengt<\/p>\n<p>Sie alle Gef\u00e4hrtinnen<br \/>\nalles Rosen, alle, der Sappho<\/p>\n<p><strong>III<\/strong><br \/>\nDeine Augen gl\u00e4nzen im Gegenlicht, seit Anbeginn schaue ich in sie. Bist wie deine Mutter, so sitzend im angenehm frischen Zimmer mit einer Feder im Haar. So lange, wie Safran, sein Duft eindringt. Du dann Muscheln am Meeresstrand aufliest, spielst und dein Begehren mich aufnimmt.<\/p>\n<p>Aber du, harmonisch dein K\u00f6rper, ansprechend in Gestalt, verzehre ich dich deiner Gesten wegen. Deine resonante Stimme: Sie vermengst du mit redenden H\u00e4nden. Umgarnst mich.<\/p>\n<p>Ah, ver\u00e4chtlich bist du da, mit der weissen Bl\u00fcte im Haar, Silber an deiner Haut, glatt, fein und verdriesslich, beschadet seit jeher. Tust du mir weh, verletzt mich.<\/p>\n<p>\u00dcppige Formen, viel helle Ockerfarben, du, Sinnliche, vergiftest mich mit deiner aus\u00adstr\u00f6\u00admen\u00adden S\u00fcsse, anstrengend, leidend, ohne Gespielin. Ziehst du mich hin.<\/p>\n<p>Ihr alle Gef\u00e4hrtinnen seid ihr, alle, alle Rosen meiner Sappho.<\/p>\n<hr>\n<p>Dies auch zu finden im <a href=\"http:\/\/www.lyrikgarten.de\/category\/k-lieben-hassen\/knab-bernhard\/\" title=\"Lyrikgarten.de\" target=\"_blank\">Lyrikgarten.de<\/a> .<\/p>\n<p style=\"text-align: justify;\">Die Quelle f\u00fcr die eingereichten Gedichte und das Textgedicht ist: H.D. (Hilda Doolittle): Denken und Schauen: 2. The Island. Fragment of Sappho. Notizen und Gedichte aus dem Fr\u00fchwerk, \u00fcbersetzt und herausgegeben von G\u00fcnter Plessow, f\u00fcr Ina Schabert, roughbook 016, Urs Engeler Editor, Solothurn, Badenweiler und Berlin, Oktober 2011.<\/p>\n","protected":false},"excerpt":{"rendered":"excerpt","protected":false},"author":5,"featured_media":0,"parent":2,"menu_order":0,"comment_status":"open","ping_status":"closed","template":"","meta":{"episode_type":"","audio_file":"","podmotor_file_id":"","podmotor_episode_id":"","cover_image":"","cover_image_id":"","duration":"","filesize":"","filesize_raw":"","date_recorded":"","explicit":"","block":"","footnotes":""},"class_list":["post-1110","page","type-page","status-publish","hentry"],"_links":{"self":[{"href":"https:\/\/bernik.ch\/wordpress\/wp-json\/wp\/v2\/pages\/1110","targetHints":{"allow":["GET"]}}],"collection":[{"href":"https:\/\/bernik.ch\/wordpress\/wp-json\/wp\/v2\/pages"}],"about":[{"href":"https:\/\/bernik.ch\/wordpress\/wp-json\/wp\/v2\/types\/page"}],"author":[{"embeddable":true,"href":"https:\/\/bernik.ch\/wordpress\/wp-json\/wp\/v2\/users\/5"}],"replies":[{"embeddable":true,"href":"https:\/\/bernik.ch\/wordpress\/wp-json\/wp\/v2\/comments?post=1110"}],"version-history":[{"count":0,"href":"https:\/\/bernik.ch\/wordpress\/wp-json\/wp\/v2\/pages\/1110\/revisions"}],"up":[{"embeddable":true,"href":"https:\/\/bernik.ch\/wordpress\/wp-json\/wp\/v2\/pages\/2"}],"wp:attachment":[{"href":"https:\/\/bernik.ch\/wordpress\/wp-json\/wp\/v2\/media?parent=1110"}],"curies":[{"name":"wp","href":"https:\/\/api.w.org\/{rel}","templated":true}]}}