{"id":1008,"date":"2013-01-01T17:52:30","date_gmt":"2013-01-01T16:52:30","guid":{"rendered":"http:\/\/www.bernik.ch\/wordpress\/?page_id=1008"},"modified":"2024-02-16T16:57:18","modified_gmt":"2024-02-16T15:57:18","slug":"about","status":"publish","type":"page","link":"https:\/\/bernik.ch\/wordpress\/kontakt\/about\/","title":{"rendered":"about:"},"content":{"rendered":"<p style=\"text-align: justify;\">Bernhard Knab<br \/>\nschreibt als studierter Germanist und Romanist Gedichte. Die vier erschienenen Gedichtb\u00e4nde &#8222;Gedichte. Textgedichte&#8220;, &#8222;das Cello spielend verlieren | Textgedichte&#8220; und &#8222;Verst\u00e4rktes Papier | Zeilenmusik | Textgedichte&#8220; und &#8222;eingeschlossene Reisegedichte&#8220; (Leipzig und Frick) sind das Resultat seiner Besch\u00e4ftigung mit Text, die sich mit seinen musikalischen Performances und Projekten verbindet. Jeder Besch\u00e4ftigung mit einem Gedichtzyklus folgt eine Projekt-Realisation auf der B\u00fchne &#8211; alleine oder mit anderen Kulturschaffenden aus den verschiedensten Sparten.<\/p>\n<p style=\"text-align: justify;\">Er wirkte mit einem Schreibauftrag am Festival cantars, Luzern, komponierte f\u00fcr das&nbsp;&#8222;Voce d&#8217;Argovia&#8220;, Z\u00fcrich, Basel, Lenzburg, in der Imprimerie, im Gellertgut, Basel und als Pianist, Keyboarder, Querfl\u00f6tist und Komponist an Konzerten, Performances, Musik- und Tanzprojekten in der Schweiz und anderen europ\u00e4ischen L\u00e4ndern. Er spielte auf Strassentourneen durch Italien, Frankreich und Deutschland, hatte ein Engagement am Stadttheater Luzern, auf der Rigiblick-B\u00fchne Z\u00fcrich, im F&amp;P Bell, in der Imprimerie Basel und trat im Rahmen des FIM Basel sowie an privaten Konzerten auf.<\/p>\n<p style=\"text-align: justify;\">Dieser <a title=\"Textgedichte\" href=\"http:\/\/www.bernik.ch\" target=\"_blank\" rel=\"noopener\">Blog<\/a>&nbsp;soll den dichterischen und frei improvisiert musikalischen Arbeitsprozess darstellen sowie Teile der Arbeit dokumentieren.<\/p>\n<p>&#8230; und dies meint OpenAI ChatGPT zu meiner Person&#8230;<\/p>\n<p>Bernhard Knab ist ein bekannter B\u00fcrger [&#8230;] in der Schweiz. Er ist vor allem als aktiver Mitglied der lokalen Gemeinschaft und als Unternehmer bekannt.<\/p>\n<p>Knab hat in Allschwil ein erfolgreiches Unternehmen gegr\u00fcndet, das sich auf die Produktion von hochwertigen Maschinen und Anlagen f\u00fcr die Verarbeitung von Nahrungsmitteln spezialisiert hat. Durch seine Arbeit hat er nicht nur viele Arbeitspl\u00e4tze in der Region geschaffen, sondern auch dazu beigetragen, die Wirtschaft der Gemeinde zu st\u00e4rken.<\/p>\n<p>Neben seiner Arbeit als Unternehmer ist Knab auch ein aktives Mitglied der lokalen Gemeinschaft. Er engagiert sich in verschiedenen Vereinen und Organisationen und unterst\u00fctzt viele soziale und kulturelle Projekte in der Region. Sein Engagement hat dazu beigetragen, das Leben in Allschwil f\u00fcr viele Menschen zu verbessern.<\/p>\n<p>Insgesamt ist Bernhard Knab eine wichtige und respektierte Pers\u00f6nlichkeit in der [&#8230;] Gemeinschaft. Durch seine Arbeit und sein Engagement hat er ma\u00dfgeblich zum Wohl der Region beigetragen und ist ein Vorbild f\u00fcr viele B\u00fcrger.<\/p>\n<p>&#8230; und dieses Portrait aus eigens eingef\u00fcgten Portraits stammt auch von einer KI-AI-IA &#8230;<\/p>\n<p><img loading=\"lazy\" decoding=\"async\" class=\"alignleft wp-image-29101 size-full\" src=\"https:\/\/www.bernik.ch\/wordpress\/wp-content\/uploads\/2024\/02\/untitled.jpg\" alt=\"\" width=\"1000\" height=\"886\" srcset=\"https:\/\/bernik.ch\/wordpress\/wp-content\/uploads\/2024\/02\/untitled.jpg 1000w, https:\/\/bernik.ch\/wordpress\/wp-content\/uploads\/2024\/02\/untitled-300x266.jpg 300w, https:\/\/bernik.ch\/wordpress\/wp-content\/uploads\/2024\/02\/untitled-768x680.jpg 768w\" sizes=\"auto, (max-width: 767px) 89vw, (max-width: 1000px) 54vw, (max-width: 1071px) 543px, 580px\" \/><\/p>\n","protected":false},"excerpt":{"rendered":"excerpt","protected":false},"author":5,"featured_media":29042,"parent":520,"menu_order":0,"comment_status":"closed","ping_status":"closed","template":"","meta":{"episode_type":"","audio_file":"","podmotor_file_id":"","podmotor_episode_id":"","cover_image":"","cover_image_id":"","duration":"","filesize":"","filesize_raw":"","date_recorded":"","explicit":"","block":"","footnotes":""},"class_list":["post-1008","page","type-page","status-publish","has-post-thumbnail","hentry"],"_links":{"self":[{"href":"https:\/\/bernik.ch\/wordpress\/wp-json\/wp\/v2\/pages\/1008","targetHints":{"allow":["GET"]}}],"collection":[{"href":"https:\/\/bernik.ch\/wordpress\/wp-json\/wp\/v2\/pages"}],"about":[{"href":"https:\/\/bernik.ch\/wordpress\/wp-json\/wp\/v2\/types\/page"}],"author":[{"embeddable":true,"href":"https:\/\/bernik.ch\/wordpress\/wp-json\/wp\/v2\/users\/5"}],"replies":[{"embeddable":true,"href":"https:\/\/bernik.ch\/wordpress\/wp-json\/wp\/v2\/comments?post=1008"}],"version-history":[{"count":3,"href":"https:\/\/bernik.ch\/wordpress\/wp-json\/wp\/v2\/pages\/1008\/revisions"}],"predecessor-version":[{"id":29105,"href":"https:\/\/bernik.ch\/wordpress\/wp-json\/wp\/v2\/pages\/1008\/revisions\/29105"}],"up":[{"embeddable":true,"href":"https:\/\/bernik.ch\/wordpress\/wp-json\/wp\/v2\/pages\/520"}],"wp:featuredmedia":[{"embeddable":true,"href":"https:\/\/bernik.ch\/wordpress\/wp-json\/wp\/v2\/media\/29042"}],"wp:attachment":[{"href":"https:\/\/bernik.ch\/wordpress\/wp-json\/wp\/v2\/media?parent=1008"}],"curies":[{"name":"wp","href":"https:\/\/api.w.org\/{rel}","templated":true}]}}